{"id":688,"date":"2017-07-12T17:06:07","date_gmt":"2017-07-12T15:06:07","guid":{"rendered":"http:\/\/gonzomusic.com\/?page_id=688"},"modified":"2021-07-22T12:04:59","modified_gmt":"2021-07-22T10:04:59","slug":"blitz-und-donner-2011","status":"publish","type":"page","link":"https:\/\/gonzomusic.com\/en\/discographie\/blitz-und-donner-2011\/","title":{"rendered":"Blitz und Donner 2011"},"content":{"rendered":"<figure id=\"attachment_167\" aria-describedby=\"caption-attachment-167\" style=\"width: 300px\" class=\"wp-caption alignleft\"><a href=\"http:\/\/amzn.to\/2uqmX5K\" target=\"_blank\" rel=\"noopener\"><img loading=\"lazy\" decoding=\"async\" class=\"wp-image-167 size-medium\" src=\"http:\/\/gonzomusic.com\/wp-content\/uploads\/2017\/05\/matt-roher-blitz-und-donner-300x300.jpg\" alt=\"\" width=\"300\" height=\"300\" srcset=\"https:\/\/gonzomusic.com\/wp-content\/uploads\/2017\/05\/matt-roher-blitz-und-donner-300x300.jpg 300w, https:\/\/gonzomusic.com\/wp-content\/uploads\/2017\/05\/matt-roher-blitz-und-donner-150x150.jpg 150w, https:\/\/gonzomusic.com\/wp-content\/uploads\/2017\/05\/matt-roher-blitz-und-donner-420x420.jpg 420w, https:\/\/gonzomusic.com\/wp-content\/uploads\/2017\/05\/matt-roher-blitz-und-donner-471x471.jpg 471w, https:\/\/gonzomusic.com\/wp-content\/uploads\/2017\/05\/matt-roher-blitz-und-donner-470x470.jpg 470w, https:\/\/gonzomusic.com\/wp-content\/uploads\/2017\/05\/matt-roher-blitz-und-donner.jpg 500w\" sizes=\"auto, (max-width: 300px) 100vw, 300px\" \/><\/a><figcaption id=\"caption-attachment-167\" class=\"wp-caption-text\"><a href=\"http:\/\/amzn.to\/2uqmX5K\" target=\"_blank\" rel=\"noopener\">bestellen<\/a><\/figcaption><\/figure>\n<p>2012: Das Jahr, f\u00fcr das die Mayas den Weltuntergang vorausgesagt hatten. H\u00f6chste Zeit also, noch unbezahlte Rechnungen zu begleichen, seinen inneren Frieden zu finden oder, wie seinerzeit Gonzo, zur\u00fcck zu den musikalischen Wurzeln zu gehen.<\/p>\n<p>Dort, im Punkrock, wurde Roehr f\u00fcndig. Und seine Texte wurden wieder w\u00fctender; gesellschaftskritischer. Es passierte einfach viel zu viel Schei\u00dfe, und es war schon immer klar, dass seitens der Politik und Medien beschissen wurde, wo auch immer sie beschei\u00dfen konnten. Deshalb musste es wieder die Muttersprache sein, in der die scharfz\u00fcngigen W\u00f6rter gesungen werden sollten. Und im Zusammenspiel mit der rauen, erdigen und brachialen Produktion, ergab das alles pl\u00f6tzlich richtig Energie. &#8220;Wumms&#8221; w\u00fcrde Olaf Scholz wohl zu diesem Gef\u00fchl sagen und dabei dennoch keine Ahnung haben, was er eigentlich meint.<\/p>\n<p>Erneut hatte sich Gonzo neu erfunden. Gefunden hatte er auch etwas. Eine neue Band n\u00e4mlich, die perfekt auf die Songs passte und sie zuk\u00fcnftig live bestens umsetzen w\u00fcrde.<\/p>\n<h2><\/h2>\n<p><img loading=\"lazy\" decoding=\"async\" class=\"size-medium wp-image-290 alignleft\" src=\"https:\/\/gonzomusic.com\/wp-content\/uploads\/2017\/05\/slide04big-300x225.jpg\" alt=\"\" width=\"300\" height=\"225\" srcset=\"https:\/\/gonzomusic.com\/wp-content\/uploads\/2017\/05\/slide04big-300x225.jpg 300w, https:\/\/gonzomusic.com\/wp-content\/uploads\/2017\/05\/slide04big-1024x768.jpg 1024w, https:\/\/gonzomusic.com\/wp-content\/uploads\/2017\/05\/slide04big-768x576.jpg 768w, https:\/\/gonzomusic.com\/wp-content\/uploads\/2017\/05\/slide04big-560x420.jpg 560w, https:\/\/gonzomusic.com\/wp-content\/uploads\/2017\/05\/slide04big-600x450.jpg 600w, https:\/\/gonzomusic.com\/wp-content\/uploads\/2017\/05\/slide04big-100x75.jpg 100w, https:\/\/gonzomusic.com\/wp-content\/uploads\/2017\/05\/slide04big.jpg 1200w\" sizes=\"auto, (max-width: 300px) 100vw, 300px\" \/><\/p>\n<ul>\n<li>Matt Roehr &#8211; Guitars, Bass, Vocals<\/li>\n<li>Ferdy Doernberg &#8211; Lap Steel Guitar, Keyboards, Piano, Brass<\/li>\n<li>Michael Ehr\u00e9 &#8211; Drums<\/li>\n<li>Special Studio Guest:<\/li>\n<li>Anke Doernberg &#8211; Bass<\/li>\n<\/ul>\n<h2><\/h2>\n<div id='gallery-1' class='gallery galleryid-688 gallery-columns-4 gallery-size-thumbnail'><figure class='gallery-item'>\n\t\t\t<div class='gallery-icon portrait'>\n\t\t\t\t<a href='https:\/\/gonzomusic.com\/wp-content\/uploads\/2017\/05\/slide04-01big.jpg'><img loading=\"lazy\" decoding=\"async\" width=\"150\" height=\"150\" src=\"https:\/\/gonzomusic.com\/wp-content\/uploads\/2017\/05\/slide04-01big-150x150.jpg\" class=\"attachment-thumbnail size-thumbnail\" alt=\"\" srcset=\"https:\/\/gonzomusic.com\/wp-content\/uploads\/2017\/05\/slide04-01big-150x150.jpg 150w, https:\/\/gonzomusic.com\/wp-content\/uploads\/2017\/05\/slide04-01big-471x471.jpg 471w, https:\/\/gonzomusic.com\/wp-content\/uploads\/2017\/05\/slide04-01big-470x470.jpg 470w\" sizes=\"auto, (max-width: 150px) 100vw, 150px\" \/><\/a>\n\t\t\t<\/div><\/figure><figure class='gallery-item'>\n\t\t\t<div class='gallery-icon landscape'>\n\t\t\t\t<a href='https:\/\/gonzomusic.com\/wp-content\/uploads\/2017\/05\/slide04-02big.jpg'><img loading=\"lazy\" decoding=\"async\" width=\"150\" height=\"150\" src=\"https:\/\/gonzomusic.com\/wp-content\/uploads\/2017\/05\/slide04-02big-150x150.jpg\" class=\"attachment-thumbnail size-thumbnail\" alt=\"\" srcset=\"https:\/\/gonzomusic.com\/wp-content\/uploads\/2017\/05\/slide04-02big-150x150.jpg 150w, https:\/\/gonzomusic.com\/wp-content\/uploads\/2017\/05\/slide04-02big-471x471.jpg 471w, https:\/\/gonzomusic.com\/wp-content\/uploads\/2017\/05\/slide04-02big-470x470.jpg 470w\" sizes=\"auto, (max-width: 150px) 100vw, 150px\" \/><\/a>\n\t\t\t<\/div><\/figure>\n\t\t<\/div>\n\n","protected":false},"excerpt":{"rendered":"<p>2012: Das Jahr, f\u00fcr das die Mayas den Weltuntergang vorausgesagt hatten. H\u00f6chste Zeit also, noch unbezahlte Rechnungen zu begleichen, seinen inneren Frieden zu finden oder, wie seinerzeit Gonzo, zur\u00fcck zu den musikalischen Wurzeln zu gehen. Dort, im Punkrock, wurde Roehr<\/p>\n","protected":false},"author":1,"featured_media":0,"parent":75,"menu_order":0,"comment_status":"closed","ping_status":"closed","template":"","meta":{"footnotes":""},"class_list":["post-688","page","type-page","status-publish","hentry"],"translation":{"provider":"WPGlobus","version":"3.0.0","language":"en","enabled_languages":["de","en"],"languages":{"de":{"title":true,"content":true,"excerpt":false},"en":{"title":false,"content":false,"excerpt":false}}},"yoast_head":"<!-- This site is optimized with the Yoast SEO plugin v25.1 - https:\/\/yoast.com\/wordpress\/plugins\/seo\/ -->\n<title>Blitz und Donner 2011 - Matt Gonzo Roehr<\/title>\n<meta name=\"robots\" content=\"index, follow, max-snippet:-1, max-image-preview:large, max-video-preview:-1\" \/>\n<link rel=\"canonical\" href=\"https:\/\/gonzomusic.com\/discographie\/blitz-und-donner-2011\/\" \/>\n<meta property=\"og:locale\" content=\"en_US\" \/>\n<meta property=\"og:type\" content=\"article\" \/>\n<meta property=\"og:title\" content=\"Blitz und Donner 2011 - Matt Gonzo Roehr\" \/>\n<meta property=\"og:url\" content=\"https:\/\/gonzomusic.com\/discographie\/blitz-und-donner-2011\/\" \/>\n<meta property=\"og:site_name\" content=\"Matt Gonzo Roehr\" \/>\n<meta property=\"article:modified_time\" content=\"2021-07-22T10:04:59+00:00\" \/>\n<meta property=\"og:image\" content=\"https:\/\/gonzomusic.com\/wp-content\/uploads\/2017\/05\/slide04-01big-150x150.jpg\" \/>\n<meta name=\"twitter:card\" content=\"summary_large_image\" \/>\n<meta name=\"twitter:site\" content=\"@MATTGONZOROEHR\" \/>\n<meta name=\"twitter:label1\" content=\"Est. reading time\" \/>\n\t<meta name=\"twitter:data1\" content=\"2 minutes\" \/>\n<script type=\"application\/ld+json\" class=\"yoast-schema-graph\">{\"@context\":\"https:\/\/schema.org\",\"@graph\":[{\"@type\":\"WebPage\",\"@id\":\"https:\/\/gonzomusic.com\/discographie\/blitz-und-donner-2011\/\",\"url\":\"https:\/\/gonzomusic.com\/discographie\/blitz-und-donner-2011\/\",\"name\":\"Blitz und Donner 2011 - Matt Gonzo Roehr\",\"isPartOf\":{\"@id\":\"https:\/\/gonzomusic.com\/#website\"},\"primaryImageOfPage\":{\"@id\":\"https:\/\/gonzomusic.com\/discographie\/blitz-und-donner-2011\/#primaryimage\"},\"image\":{\"@id\":\"https:\/\/gonzomusic.com\/discographie\/blitz-und-donner-2011\/#primaryimage\"},\"thumbnailUrl\":\"http:\/\/gonzomusic.com\/wp-content\/uploads\/2017\/05\/matt-roher-blitz-und-donner-300x300.jpg\",\"datePublished\":\"2017-07-12T15:06:07+00:00\",\"dateModified\":\"2021-07-22T10:04:59+00:00\",\"breadcrumb\":{\"@id\":\"https:\/\/gonzomusic.com\/discographie\/blitz-und-donner-2011\/#breadcrumb\"},\"inLanguage\":\"en-US\",\"potentialAction\":[{\"@type\":\"ReadAction\",\"target\":[\"https:\/\/gonzomusic.com\/discographie\/blitz-und-donner-2011\/\"]}]},{\"@type\":\"ImageObject\",\"inLanguage\":\"en-US\",\"@id\":\"https:\/\/gonzomusic.com\/discographie\/blitz-und-donner-2011\/#primaryimage\",\"url\":\"http:\/\/gonzomusic.com\/wp-content\/uploads\/2017\/05\/matt-roher-blitz-und-donner-300x300.jpg\",\"contentUrl\":\"http:\/\/gonzomusic.com\/wp-content\/uploads\/2017\/05\/matt-roher-blitz-und-donner-300x300.jpg\"},{\"@type\":\"BreadcrumbList\",\"@id\":\"https:\/\/gonzomusic.com\/discographie\/blitz-und-donner-2011\/#breadcrumb\",\"itemListElement\":[{\"@type\":\"ListItem\",\"position\":1,\"name\":\"Diskographie\/Discography\",\"item\":\"https:\/\/gonzomusic.com\/discographie\/\"},{\"@type\":\"ListItem\",\"position\":2,\"name\":\"Blitz und Donner 2011\"}]},{\"@type\":\"WebSite\",\"@id\":\"https:\/\/gonzomusic.com\/#website\",\"url\":\"https:\/\/gonzomusic.com\/\",\"name\":\"Matt Gonzo Roehr\",\"description\":\"official site\",\"publisher\":{\"@id\":\"https:\/\/gonzomusic.com\/#organization\"},\"potentialAction\":[{\"@type\":\"SearchAction\",\"target\":{\"@type\":\"EntryPoint\",\"urlTemplate\":\"https:\/\/gonzomusic.com\/?s={search_term_string}\"},\"query-input\":{\"@type\":\"PropertyValueSpecification\",\"valueRequired\":true,\"valueName\":\"search_term_string\"}}],\"inLanguage\":\"en-US\"},{\"@type\":\"Organization\",\"@id\":\"https:\/\/gonzomusic.com\/#organization\",\"name\":\"Matt Gonzo Roehr\",\"url\":\"https:\/\/gonzomusic.com\/\",\"logo\":{\"@type\":\"ImageObject\",\"inLanguage\":\"en-US\",\"@id\":\"https:\/\/gonzomusic.com\/#\/schema\/logo\/image\/\",\"url\":\"https:\/\/gonzomusic.com\/wp-content\/uploads\/2019\/09\/header-gonzo.jpg\",\"contentUrl\":\"https:\/\/gonzomusic.com\/wp-content\/uploads\/2019\/09\/header-gonzo.jpg\",\"width\":1340,\"height\":446,\"caption\":\"Matt Gonzo Roehr\"},\"image\":{\"@id\":\"https:\/\/gonzomusic.com\/#\/schema\/logo\/image\/\"},\"sameAs\":[\"https:\/\/x.com\/MATTGONZOROEHR\",\"https:\/\/www.youtube.com\/user\/MattRoehr\"]}]}<\/script>\n<!-- \/ Yoast SEO plugin. -->","yoast_head_json":{"title":"Blitz und Donner 2011 - Matt Gonzo Roehr","robots":{"index":"index","follow":"follow","max-snippet":"max-snippet:-1","max-image-preview":"max-image-preview:large","max-video-preview":"max-video-preview:-1"},"canonical":"https:\/\/gonzomusic.com\/discographie\/blitz-und-donner-2011\/","og_locale":"en_US","og_type":"article","og_title":"Blitz und Donner 2011 - Matt Gonzo Roehr","og_url":"https:\/\/gonzomusic.com\/discographie\/blitz-und-donner-2011\/","og_site_name":"Matt Gonzo Roehr","article_modified_time":"2021-07-22T10:04:59+00:00","og_image":[{"url":"https:\/\/gonzomusic.com\/wp-content\/uploads\/2017\/05\/slide04-01big-150x150.jpg","type":"","width":"","height":""}],"twitter_card":"summary_large_image","twitter_site":"@MATTGONZOROEHR","twitter_misc":{"Est. reading time":"2 minutes"},"schema":{"@context":"https:\/\/schema.org","@graph":[{"@type":"WebPage","@id":"https:\/\/gonzomusic.com\/discographie\/blitz-und-donner-2011\/","url":"https:\/\/gonzomusic.com\/discographie\/blitz-und-donner-2011\/","name":"Blitz und Donner 2011 - Matt Gonzo Roehr","isPartOf":{"@id":"https:\/\/gonzomusic.com\/#website"},"primaryImageOfPage":{"@id":"https:\/\/gonzomusic.com\/discographie\/blitz-und-donner-2011\/#primaryimage"},"image":{"@id":"https:\/\/gonzomusic.com\/discographie\/blitz-und-donner-2011\/#primaryimage"},"thumbnailUrl":"http:\/\/gonzomusic.com\/wp-content\/uploads\/2017\/05\/matt-roher-blitz-und-donner-300x300.jpg","datePublished":"2017-07-12T15:06:07+00:00","dateModified":"2021-07-22T10:04:59+00:00","breadcrumb":{"@id":"https:\/\/gonzomusic.com\/discographie\/blitz-und-donner-2011\/#breadcrumb"},"inLanguage":"en-US","potentialAction":[{"@type":"ReadAction","target":["https:\/\/gonzomusic.com\/discographie\/blitz-und-donner-2011\/"]}]},{"@type":"ImageObject","inLanguage":"en-US","@id":"https:\/\/gonzomusic.com\/discographie\/blitz-und-donner-2011\/#primaryimage","url":"http:\/\/gonzomusic.com\/wp-content\/uploads\/2017\/05\/matt-roher-blitz-und-donner-300x300.jpg","contentUrl":"http:\/\/gonzomusic.com\/wp-content\/uploads\/2017\/05\/matt-roher-blitz-und-donner-300x300.jpg"},{"@type":"BreadcrumbList","@id":"https:\/\/gonzomusic.com\/discographie\/blitz-und-donner-2011\/#breadcrumb","itemListElement":[{"@type":"ListItem","position":1,"name":"Diskographie\/Discography","item":"https:\/\/gonzomusic.com\/discographie\/"},{"@type":"ListItem","position":2,"name":"Blitz und Donner 2011"}]},{"@type":"WebSite","@id":"https:\/\/gonzomusic.com\/#website","url":"https:\/\/gonzomusic.com\/","name":"Matt Gonzo Roehr","description":"official site","publisher":{"@id":"https:\/\/gonzomusic.com\/#organization"},"potentialAction":[{"@type":"SearchAction","target":{"@type":"EntryPoint","urlTemplate":"https:\/\/gonzomusic.com\/?s={search_term_string}"},"query-input":{"@type":"PropertyValueSpecification","valueRequired":true,"valueName":"search_term_string"}}],"inLanguage":"en-US"},{"@type":"Organization","@id":"https:\/\/gonzomusic.com\/#organization","name":"Matt Gonzo Roehr","url":"https:\/\/gonzomusic.com\/","logo":{"@type":"ImageObject","inLanguage":"en-US","@id":"https:\/\/gonzomusic.com\/#\/schema\/logo\/image\/","url":"https:\/\/gonzomusic.com\/wp-content\/uploads\/2019\/09\/header-gonzo.jpg","contentUrl":"https:\/\/gonzomusic.com\/wp-content\/uploads\/2019\/09\/header-gonzo.jpg","width":1340,"height":446,"caption":"Matt Gonzo Roehr"},"image":{"@id":"https:\/\/gonzomusic.com\/#\/schema\/logo\/image\/"},"sameAs":["https:\/\/x.com\/MATTGONZOROEHR","https:\/\/www.youtube.com\/user\/MattRoehr"]}]}},"_links":{"self":[{"href":"https:\/\/gonzomusic.com\/en\/wp-json\/wp\/v2\/pages\/688","targetHints":{"allow":["GET"]}}],"collection":[{"href":"https:\/\/gonzomusic.com\/en\/wp-json\/wp\/v2\/pages"}],"about":[{"href":"https:\/\/gonzomusic.com\/en\/wp-json\/wp\/v2\/types\/page"}],"author":[{"embeddable":true,"href":"https:\/\/gonzomusic.com\/en\/wp-json\/wp\/v2\/users\/1"}],"replies":[{"embeddable":true,"href":"https:\/\/gonzomusic.com\/en\/wp-json\/wp\/v2\/comments?post=688"}],"version-history":[{"count":3,"href":"https:\/\/gonzomusic.com\/en\/wp-json\/wp\/v2\/pages\/688\/revisions"}],"predecessor-version":[{"id":2057,"href":"https:\/\/gonzomusic.com\/en\/wp-json\/wp\/v2\/pages\/688\/revisions\/2057"}],"up":[{"embeddable":true,"href":"https:\/\/gonzomusic.com\/en\/wp-json\/wp\/v2\/pages\/75"}],"wp:attachment":[{"href":"https:\/\/gonzomusic.com\/en\/wp-json\/wp\/v2\/media?parent=688"}],"curies":[{"name":"wp","href":"https:\/\/api.w.org\/{rel}","templated":true}]}}